{"id":10,"date":"2025-08-24T13:37:11","date_gmt":"2025-08-24T13:37:11","guid":{"rendered":"https:\/\/elektroniniu-svetainiu-kurimas.lt\/autoelite\/?page_id=10"},"modified":"2025-09-11T08:32:07","modified_gmt":"2025-09-11T08:32:07","slug":"grazinimai","status":"publish","type":"page","link":"https:\/\/autoelite.lt\/ru\/grazinimai\/","title":{"rendered":"\u0423\u0441\u043b\u043e\u0432\u0438\u044f \u0432\u043e\u0437\u0432\u0440\u0430\u0442\u0430"},"content":{"rendered":"<h3 class=\"wp-block-heading\" id=\"1-prekiu-grazinimas\">1. Preki\u0173 gr\u0105\u017einimas<\/h3>\n\n\n\n<ul class=\"wp-block-list\">\n<li>Vadovaujantis LR Civilinio kodekso 6.362 str. ir LR Vartotoj\u0173 teisi\u0173 apsaugos \u012fstatymu, vartotojas turi teis\u0119 atsisakyti nuotolin\u0117s sutarties ir gr\u0105\u017einti prekes per 14 kalendorini\u0173 dien\u0173 nuo preki\u0173 gavimo dienos, be jokios prie\u017easties.<\/li>\n\n\n\n<li>Apie gr\u0105\u017einim\u0105 b\u016btina prane\u0161ti el. pa\u0161tu <a>info@autoelite.lt<\/a> arba tel. +370 658 48484.<\/li>\n<\/ul>\n\n\n\n<h3 class=\"wp-block-heading\" id=\"2-grazinimo-salygos\">2. Gr\u0105\u017einimo s\u0105lygos<\/h3>\n\n\n\n<ul class=\"wp-block-list\">\n<li>Prek\u0117s turi b\u016bti nenaudotos, nesugadintos, originalioje pakuot\u0117je.<\/li>\n\n\n\n<li>Gr\u0105\u017einant b\u016btina pateikti pirkimo dokument\u0105 (s\u0105skait\u0105-fakt\u016br\u0105 arba kasos kvit\u0105).<\/li>\n\n\n\n<li>Gr\u0105\u017einimo i\u0161laidas (transportavimo) apmoka pirk\u0117jas, i\u0161skyrus atvejus, kai gauta nekokybi\u0161ka ar netinkama prek\u0117.<\/li>\n<\/ul>\n\n\n\n<h3 class=\"wp-block-heading\" id=\"3-pinigu-grazinimas\">3. Pinig\u0173 gr\u0105\u017einimas<\/h3>\n\n\n\n<ul class=\"wp-block-list\">\n<li>Pinigai u\u017e gr\u0105\u017eintas prekes pervedami \u012f pirk\u0117jo s\u0105skait\u0105 ne v\u0117liau kaip per 14 kalendorini\u0173 dien\u0173 nuo prek\u0117s gr\u0105\u017einimo dienos.<\/li>\n\n\n\n<li>Jei prek\u0117 buvo brokuota ar gauta neteisinga \u2013 visos gr\u0105\u017einimo i\u0161laidos dengiamos pardav\u0117jo.<\/li>\n<\/ul>\n\n\n\n<hr class=\"wp-block-separator has-alpha-channel-opacity\"\/>","protected":false},"excerpt":{"rendered":"<p>1. Preki\u0173 gr\u0105\u017einimas 2. Gr\u0105\u017einimo s\u0105lygos 3. Pinig\u0173 gr\u0105\u017einimas<\/p>","protected":false},"author":1,"featured_media":0,"parent":0,"menu_order":0,"comment_status":"closed","ping_status":"closed","template":"","meta":{"_acf_changed":false,"_gspb_post_css":"","footnotes":""},"class_list":["post-10","page","type-page","status-publish","hentry"],"blocksy_meta":[],"acf":[],"_links":{"self":[{"href":"https:\/\/autoelite.lt\/ru\/wp-json\/wp\/v2\/pages\/10","targetHints":{"allow":["GET"]}}],"collection":[{"href":"https:\/\/autoelite.lt\/ru\/wp-json\/wp\/v2\/pages"}],"about":[{"href":"https:\/\/autoelite.lt\/ru\/wp-json\/wp\/v2\/types\/page"}],"author":[{"embeddable":true,"href":"https:\/\/autoelite.lt\/ru\/wp-json\/wp\/v2\/users\/1"}],"replies":[{"embeddable":true,"href":"https:\/\/autoelite.lt\/ru\/wp-json\/wp\/v2\/comments?post=10"}],"version-history":[{"count":5,"href":"https:\/\/autoelite.lt\/ru\/wp-json\/wp\/v2\/pages\/10\/revisions"}],"predecessor-version":[{"id":2398,"href":"https:\/\/autoelite.lt\/ru\/wp-json\/wp\/v2\/pages\/10\/revisions\/2398"}],"wp:attachment":[{"href":"https:\/\/autoelite.lt\/ru\/wp-json\/wp\/v2\/media?parent=10"}],"curies":[{"name":"wp","href":"https:\/\/api.w.org\/{rel}","templated":true}]}}